{"id":348,"date":"2015-06-16T20:06:41","date_gmt":"2015-06-16T19:06:41","guid":{"rendered":"https:\/\/emoson.ca\/?page_id=348&#038;lang=en"},"modified":"2022-09-07T19:38:44","modified_gmt":"2022-09-07T18:38:44","slug":"contact","status":"publish","type":"page","link":"https:\/\/emoson.ca\/en\/contact\/","title":{"rendered":"Contact"},"content":{"rendered":"<p>[vc_row][vc_column width=&#8221;1\/2&#8243;][vc_column_text]Emoson stands out as a recognized technical expert specializing in audiovisual solutions as well as organizing and conducting events. For any quote and event planning request, as well as for your rental or purchase of audiovisual equipment, fill out the form and an expert will contact you as soon as possible.[\/vc_column_text][vc_empty_space height=&#8221;20px&#8221;][vc_column_text]<strong>Telephone:<\/strong> <a style=\"color: #005dab;\" href=\"tel:8194259966\">819 425-9966<\/a><br \/>\n<strong>Email:<\/strong> <a style=\"color: #005dab;\" href=\"mailto:info@emoson.ca\">info@emoson.ca<\/a><br \/>\n<strong>Address :<\/strong> <a style=\"color: #005dab;\" href=\"https:\/\/goo.gl\/maps\/7Qn89ysegAXzSwMM7\" target=\"_blank\" rel=\"noopener noreferrer\">1278, Rue de St-Jovite, Mont-Tremblant, QC J8E 3J9<\/a>[\/vc_column_text][\/vc_column][vc_column width=&#8221;1\/2&#8243;][vc_gmaps link=&#8221;#E-8_JTNDaWZyYW1lJTIwc3JjJTNEJTIyaHR0cHMlM0ElMkYlMkZ3d3cuZ29vZ2xlLmNvbSUyRm1hcHMlMkZlbWJlZCUzRnBiJTNEJTIxMW0xOCUyMTFtMTIlMjExbTMlMjExZDI3NjUuNjEwODc4NjY2ODUxNSUyMTJkLTc0LjYwNjMyNTc4NDQ4NzMxJTIxM2Q0Ni4xMTg2NjAxOTc1NTU1NCUyMTJtMyUyMTFmMCUyMTJmMCUyMTNmMCUyMTNtMiUyMTFpMTAyNCUyMTJpNzY4JTIxNGYxMy4xJTIxM20zJTIxMW0yJTIxMXMweDRjY2Y3NTFhZWM5MzlhNWYlMjUzQTB4NmMwMTU0NDdiZmUyNjIxMCUyMTJzMTI3OCUyNTIwUnVlJTI1MjBkZSUyNTIwU2FpbnQlMjUyMEpvdml0ZSUyNTJDJTI1MjBNb250LVRyZW1ibGFudCUyNTJDJTI1MjBRQyUyNTIwSjhFJTI1MjAzSjklMjE1ZTAlMjEzbTIlMjExc2VuJTIxMnNjYSUyMTR2MTU3MDU2NDE5NDgzMiUyMTVtMiUyMTFzZW4lMjEyc2NhJTIyJTIwd2lkdGglM0QlMjI2MDAlMjIlMjBoZWlnaHQlM0QlMjIyNzUlMjIlMjBmcmFtZWJvcmRlciUzRCUyMjAlMjIlMjBzdHlsZSUzRCUyMmJvcmRlciUzQTAlM0IlMjIlMjBhbGxvd2Z1bGxzY3JlZW4lM0QlMjIlMjIlM0UlM0MlMkZpZnJhbWUlM0U=&#8221;][\/vc_column][\/vc_row][vc_row el_id=&#8221;quote&#8221;][vc_column][vc_empty_space height=&#8221;30px&#8221;][vc_column_text]<\/p>\n<h2>Quick quote form<\/h2>\n<p>[\/vc_column_text][vc_empty_space height=&#8221;15px&#8221;][vc_column_text]For any quote and event planning request, as well as for your rental or purchase of audiovisual equipment, fill out the form and an expert will contact you as soon as possible.[\/vc_column_text][vc_empty_space height=&#8221;30px&#8221;][vc_column_text]\n<div class=\"wpcf7 no-js\" id=\"wpcf7-f489-o1\" lang=\"en-US\" dir=\"ltr\">\n<div class=\"screen-reader-response\"><p role=\"status\" aria-live=\"polite\" aria-atomic=\"true\"><\/p> <ul><\/ul><\/div>\n<form action=\"\/en\/wp-json\/wp\/v2\/pages\/348#wpcf7-f489-o1\" method=\"post\" class=\"wpcf7-form init\" aria-label=\"Contact form\" novalidate=\"novalidate\" data-status=\"init\">\n<div style=\"display: none;\">\n<input type=\"hidden\" name=\"_wpcf7\" value=\"489\" \/>\n<input type=\"hidden\" name=\"_wpcf7_version\" value=\"5.7.3\" \/>\n<input type=\"hidden\" name=\"_wpcf7_locale\" value=\"en_US\" \/>\n<input type=\"hidden\" name=\"_wpcf7_unit_tag\" value=\"wpcf7-f489-o1\" \/>\n<input type=\"hidden\" name=\"_wpcf7_container_post\" value=\"0\" \/>\n<input type=\"hidden\" name=\"_wpcf7_posted_data_hash\" value=\"\" \/>\n<input type=\"hidden\" name=\"_wpcf7_recaptcha_response\" value=\"\" \/>\n<\/div>\n<table width=\"100%\" class=\"table_form\" border=\"0\" cellspacing=\"0\" cellpadding=\"0\">\n\t<tr>\n\t\t<td width=\"45%\" align=\"left\" valign=\"top\">\n\t\t\t<p>First Name* : <span class=\"wpcf7-form-control-wrap\" data-name=\"first\"><input size=\"40\" class=\"wpcf7-form-control wpcf7-text wpcf7-validates-as-required\" aria-required=\"true\" aria-invalid=\"false\" value=\"\" type=\"text\" name=\"first\" \/><\/span>\n\t\t\t<\/p>\n\t\t<\/td>\n\t\t<td width=\"10%\" align=\"left\" valign=\"top\">\n\t\t\t<p>&nbsp;\n\t\t\t<\/p>\n\t\t<\/td>\n\t\t<td width=\"45%\" align=\"left\" valign=\"top\">\n\t\t\t<p>Last name* :<br \/>\n<span class=\"wpcf7-form-control-wrap\" data-name=\"last\"><input size=\"40\" class=\"wpcf7-form-control wpcf7-text wpcf7-validates-as-required\" aria-required=\"true\" aria-invalid=\"false\" value=\"\" type=\"text\" name=\"last\" \/><\/span>\n\t\t\t<\/p>\n\t\t<\/td>\n\t<\/tr>\n\t<tr>\n\t\t<td align=\"left\" valign=\"top\">\n\t\t\t<p>Company* :<br \/>\n<span class=\"wpcf7-form-control-wrap\" data-name=\"company\"><input size=\"40\" class=\"wpcf7-form-control wpcf7-text wpcf7-validates-as-required\" aria-required=\"true\" aria-invalid=\"false\" value=\"\" type=\"text\" name=\"company\" \/><\/span>\n\t\t\t<\/p>\n\t\t<\/td>\n\t\t<td width=\"10%\" align=\"left\" valign=\"top\">\n\t\t\t<p>&nbsp;\n\t\t\t<\/p>\n\t\t<\/td>\n\t\t<td width=\"45%\" align=\"left\" valign=\"top\">\n\t\t\t<p>E-mail* :<br \/>\n<span class=\"wpcf7-form-control-wrap\" data-name=\"email\"><input size=\"40\" class=\"wpcf7-form-control wpcf7-text wpcf7-email wpcf7-validates-as-required wpcf7-validates-as-email\" aria-required=\"true\" aria-invalid=\"false\" value=\"\" type=\"email\" name=\"email\" \/><\/span>\n\t\t\t<\/p>\n\t\t<\/td>\n\t<\/tr>\n\t<tr>\n\t\t<td align=\"left\" valign=\"top\">\n\t\t\t<p>Phone* :<br \/>\n<span class=\"wpcf7-form-control-wrap\" data-name=\"Phone\"><input size=\"40\" class=\"wpcf7-form-control wpcf7-text wpcf7-validates-as-required\" aria-required=\"true\" aria-invalid=\"false\" value=\"\" type=\"text\" name=\"Phone\" \/><\/span>\n\t\t\t<\/p>\n\t\t<\/td>\n\t\t<td width=\"10%\" align=\"left\" valign=\"top\">\n\t\t\t<p>&nbsp;\n\t\t\t<\/p>\n\t\t<\/td>\n\t\t<td width=\"45%\" align=\"left\" valign=\"top\">\n\t\t\t<div class=\"push_txt\">\n\t\t\t\t<p>Precisions concerning your request :\n\t\t\t\t<\/p>\n\t\t\t\t<p><span class=\"wpcf7-form-control-wrap\" data-name=\"precision_besoins\"><span class=\"wpcf7-form-control wpcf7-checkbox\"><span class=\"wpcf7-list-item first\"><input type=\"checkbox\" name=\"precision_besoins[]\" value=\"Equipment rental\" tabindex=\"\" \/><span class=\"wpcf7-list-item-label\">Equipment rental<\/span><\/span><span class=\"wpcf7-list-item\"><input type=\"checkbox\" name=\"precision_besoins[]\" value=\"Equipment purhcase\" tabindex=\"\" \/><span class=\"wpcf7-list-item-label\">Equipment purhcase<\/span><\/span><span class=\"wpcf7-list-item last\"><input type=\"checkbox\" name=\"precision_besoins[]\" value=\"Consultation \/ Organisation \u2013 Turnkey\" tabindex=\"\" \/><span class=\"wpcf7-list-item-label\">Consultation \/ Organisation \u2013 Turnkey<\/span><\/span><\/span><\/span>\n\t\t\t\t<\/p>\n\t\t\t<\/div>\n\t\t<\/td>\n\t<\/tr>\n<\/table>\n<table width=\"100%\" class=\"table_form\" border=\"0\" cellpadding=\"0\" cellspacing=\"0\">\n\t<tr>\n\t\t<th colspan=\"3\" align=\"center\">\n\t\t\t<p>Planning an event?\n\t\t\t<\/p>\n\t\t<\/th>\n\t<\/tr>\n\t<tr>\n\t\t<td width=\"45%\">\n\t\t\t<p>Event date :<br \/>\n<span class=\"wpcf7-form-control-wrap\" data-name=\"date_evenement\"><input size=\"40\" class=\"wpcf7-form-control wpcf7-text\" aria-invalid=\"false\" value=\"\" type=\"text\" name=\"date_evenement\" \/><\/span>\n\t\t\t<\/p>\n\t\t<\/td>\n\t\t<td width=\"10%\">\n\t\t\t<p>&nbsp;\n\t\t\t<\/p>\n\t\t<\/td>\n\t\t<td width=\"45%\">\n\t\t\t<p>Location :<br \/>\n<span class=\"wpcf7-form-control-wrap\" data-name=\"lieu_evenement\"><input size=\"40\" class=\"wpcf7-form-control wpcf7-text\" aria-invalid=\"false\" value=\"\" type=\"text\" name=\"lieu_evenement\" \/><\/span>\n\t\t\t<\/p>\n\t\t<\/td>\n\t<\/tr>\n\t<tr>\n\t\t<td width=\"45%\">\n\t\t\t<p>Event type* :<br \/>\n<span class=\"wpcf7-form-control-wrap\" data-name=\"type_evenement\"><input size=\"40\" class=\"wpcf7-form-control wpcf7-text wpcf7-validates-as-required\" aria-required=\"true\" aria-invalid=\"false\" value=\"\" type=\"text\" name=\"type_evenement\" \/><\/span>\n\t\t\t<\/p>\n\t\t<\/td>\n\t\t<td width=\"10%\">\n\t\t\t<p>&nbsp;\n\t\t\t<\/p>\n\t\t<\/td>\n\t\t<td width=\"45%\">\n\t\t\t<p>Nb. Persons* :<br \/>\n<span class=\"wpcf7-form-control-wrap\" data-name=\"nbr_personne\"><input size=\"40\" class=\"wpcf7-form-control wpcf7-text wpcf7-validates-as-required\" aria-required=\"true\" aria-invalid=\"false\" value=\"\" type=\"text\" name=\"nbr_personne\" \/><\/span>\n\t\t\t<\/p>\n\t\t<\/td>\n\t<\/tr>\n\t<tr>\n\t\t<td width=\"45%\">\n\t\t\t<p>&nbsp;\n\t\t\t<\/p>\n\t\t<\/td>\n\t\t<td width=\"10%\">\n\t\t\t<p>&nbsp;\n\t\t\t<\/p>\n\t\t<\/td>\n\t\t<td width=\"45%\">\n\t\t\t<p>&nbsp;\n\t\t\t<\/p>\n\t\t<\/td>\n\t<\/tr>\n\t<tr>\n\t\t<td width=\"45%\">\n\t\t\t<p><input class=\"wpcf7-form-control has-spinner wpcf7-submit\" type=\"submit\" value=\"Send\" \/>\n\t\t\t<\/p>\n\t\t<\/td>\n\t\t<td width=\"10%\">\n\t\t\t<p>&nbsp;\n\t\t\t<\/p>\n\t\t<\/td>\n\t\t<td width=\"45%\">\n\t\t\t<p>&nbsp;\n\t\t\t<\/p>\n\t\t<\/td>\n\t<\/tr>\n<\/table><div class=\"wpcf7-response-output\" aria-hidden=\"true\"><\/div>\n<\/form>\n<\/div>\n[\/vc_column_text][vc_raw_html]JTNDc3R5bGUlM0UlMEElMjNxdW90ZSUyMCU3QmRpc3BsYXklM0Fub25lJTNCJTdEJTBBJTNDJTJGc3R5bGUlM0U=[\/vc_raw_html][\/vc_column][\/vc_row]<\/p>\n","protected":false},"excerpt":{"rendered":"<p>[vc_row][vc_column width=&#8221;1\/2&#8243;][vc_column_text]Emoson stands out as a recognized technical expert specializing in audiovisual solutions as well as organizing and conducting events. For any quote and event planning request, as well as for your rental or purchase of audiovisual equipment, fill out the form and an expert will contact you as soon as possible.[\/vc_column_text][vc_empty_space height=&#8221;20px&#8221;][vc_column_text]Telephone: 819 425-9966 [&hellip;]<\/p>\n","protected":false},"author":1,"featured_media":0,"parent":0,"menu_order":6,"comment_status":"closed","ping_status":"closed","template":"","meta":[],"yoast_head":"<!-- This site is optimized with the Yoast SEO plugin v20.7 - https:\/\/yoast.com\/wordpress\/plugins\/seo\/ -->\n<title>Contact | Emoson<\/title>\n<meta name=\"description\" content=\"Vous avez des questions \u00e0 propos de nos services? Contactez-nous. Un conseiller sp\u00e9cialis\u00e9 traitera votre demande et vous contactera dans les plus brefs d\u00e9lais.\" \/>\n<meta name=\"robots\" content=\"index, follow, max-snippet:-1, max-image-preview:large, max-video-preview:-1\" \/>\n<link rel=\"canonical\" href=\"https:\/\/emoson.ca\/en\/contact\/\" \/>\n<meta property=\"og:locale\" content=\"en_US\" \/>\n<meta property=\"og:type\" content=\"article\" \/>\n<meta property=\"og:title\" content=\"Contact | Emoson\" \/>\n<meta property=\"og:description\" content=\"Vous avez des questions \u00e0 propos de nos services? Contactez-nous. Un conseiller sp\u00e9cialis\u00e9 traitera votre demande et vous contactera dans les plus brefs d\u00e9lais.\" \/>\n<meta property=\"og:url\" content=\"https:\/\/emoson.ca\/en\/contact\/\" \/>\n<meta property=\"og:site_name\" content=\"Emoson\" \/>\n<meta property=\"article:modified_time\" content=\"2022-09-07T18:38:44+00:00\" \/>\n<meta name=\"twitter:card\" content=\"summary_large_image\" \/>\n<meta name=\"twitter:label1\" content=\"Est. reading time\" \/>\n\t<meta name=\"twitter:data1\" content=\"1 minute\" \/>\n<script type=\"application\/ld+json\" class=\"yoast-schema-graph\">{\"@context\":\"https:\/\/schema.org\",\"@graph\":[{\"@type\":\"WebPage\",\"@id\":\"https:\/\/emoson.ca\/en\/contact\/\",\"url\":\"https:\/\/emoson.ca\/en\/contact\/\",\"name\":\"Contact | Emoson\",\"isPartOf\":{\"@id\":\"https:\/\/emoson.ca\/en\/#website\"},\"datePublished\":\"2015-06-16T19:06:41+00:00\",\"dateModified\":\"2022-09-07T18:38:44+00:00\",\"description\":\"Vous avez des questions \u00e0 propos de nos services? Contactez-nous. Un conseiller sp\u00e9cialis\u00e9 traitera votre demande et vous contactera dans les plus brefs d\u00e9lais.\",\"breadcrumb\":{\"@id\":\"https:\/\/emoson.ca\/en\/contact\/#breadcrumb\"},\"inLanguage\":\"en-US\",\"potentialAction\":[{\"@type\":\"ReadAction\",\"target\":[\"https:\/\/emoson.ca\/en\/contact\/\"]}]},{\"@type\":\"BreadcrumbList\",\"@id\":\"https:\/\/emoson.ca\/en\/contact\/#breadcrumb\",\"itemListElement\":[{\"@type\":\"ListItem\",\"position\":1,\"name\":\"Accueil\",\"item\":\"https:\/\/emoson.ca\/en\/\"},{\"@type\":\"ListItem\",\"position\":2,\"name\":\"Contact\"}]},{\"@type\":\"WebSite\",\"@id\":\"https:\/\/emoson.ca\/en\/#website\",\"url\":\"https:\/\/emoson.ca\/en\/\",\"name\":\"Emoson\",\"description\":\"\u00c9v\u00e9nements, son &amp; lumi\u00e8res\",\"potentialAction\":[{\"@type\":\"SearchAction\",\"target\":{\"@type\":\"EntryPoint\",\"urlTemplate\":\"https:\/\/emoson.ca\/en\/?s={search_term_string}\"},\"query-input\":\"required name=search_term_string\"}],\"inLanguage\":\"en-US\"}]}<\/script>\n<!-- \/ Yoast SEO plugin. -->","yoast_head_json":{"title":"Contact | Emoson","description":"Vous avez des questions \u00e0 propos de nos services? Contactez-nous. Un conseiller sp\u00e9cialis\u00e9 traitera votre demande et vous contactera dans les plus brefs d\u00e9lais.","robots":{"index":"index","follow":"follow","max-snippet":"max-snippet:-1","max-image-preview":"max-image-preview:large","max-video-preview":"max-video-preview:-1"},"canonical":"https:\/\/emoson.ca\/en\/contact\/","og_locale":"en_US","og_type":"article","og_title":"Contact | Emoson","og_description":"Vous avez des questions \u00e0 propos de nos services? Contactez-nous. Un conseiller sp\u00e9cialis\u00e9 traitera votre demande et vous contactera dans les plus brefs d\u00e9lais.","og_url":"https:\/\/emoson.ca\/en\/contact\/","og_site_name":"Emoson","article_modified_time":"2022-09-07T18:38:44+00:00","twitter_card":"summary_large_image","twitter_misc":{"Est. reading time":"1 minute"},"schema":{"@context":"https:\/\/schema.org","@graph":[{"@type":"WebPage","@id":"https:\/\/emoson.ca\/en\/contact\/","url":"https:\/\/emoson.ca\/en\/contact\/","name":"Contact | Emoson","isPartOf":{"@id":"https:\/\/emoson.ca\/en\/#website"},"datePublished":"2015-06-16T19:06:41+00:00","dateModified":"2022-09-07T18:38:44+00:00","description":"Vous avez des questions \u00e0 propos de nos services? Contactez-nous. Un conseiller sp\u00e9cialis\u00e9 traitera votre demande et vous contactera dans les plus brefs d\u00e9lais.","breadcrumb":{"@id":"https:\/\/emoson.ca\/en\/contact\/#breadcrumb"},"inLanguage":"en-US","potentialAction":[{"@type":"ReadAction","target":["https:\/\/emoson.ca\/en\/contact\/"]}]},{"@type":"BreadcrumbList","@id":"https:\/\/emoson.ca\/en\/contact\/#breadcrumb","itemListElement":[{"@type":"ListItem","position":1,"name":"Accueil","item":"https:\/\/emoson.ca\/en\/"},{"@type":"ListItem","position":2,"name":"Contact"}]},{"@type":"WebSite","@id":"https:\/\/emoson.ca\/en\/#website","url":"https:\/\/emoson.ca\/en\/","name":"Emoson","description":"\u00c9v\u00e9nements, son &amp; lumi\u00e8res","potentialAction":[{"@type":"SearchAction","target":{"@type":"EntryPoint","urlTemplate":"https:\/\/emoson.ca\/en\/?s={search_term_string}"},"query-input":"required name=search_term_string"}],"inLanguage":"en-US"}]}},"_links":{"self":[{"href":"https:\/\/emoson.ca\/en\/wp-json\/wp\/v2\/pages\/348"}],"collection":[{"href":"https:\/\/emoson.ca\/en\/wp-json\/wp\/v2\/pages"}],"about":[{"href":"https:\/\/emoson.ca\/en\/wp-json\/wp\/v2\/types\/page"}],"author":[{"embeddable":true,"href":"https:\/\/emoson.ca\/en\/wp-json\/wp\/v2\/users\/1"}],"replies":[{"embeddable":true,"href":"https:\/\/emoson.ca\/en\/wp-json\/wp\/v2\/comments?post=348"}],"version-history":[{"count":11,"href":"https:\/\/emoson.ca\/en\/wp-json\/wp\/v2\/pages\/348\/revisions"}],"predecessor-version":[{"id":867,"href":"https:\/\/emoson.ca\/en\/wp-json\/wp\/v2\/pages\/348\/revisions\/867"}],"wp:attachment":[{"href":"https:\/\/emoson.ca\/en\/wp-json\/wp\/v2\/media?parent=348"}],"curies":[{"name":"wp","href":"https:\/\/api.w.org\/{rel}","templated":true}]}}