{"id":394,"date":"2015-07-03T21:07:48","date_gmt":"2015-07-03T20:07:48","guid":{"rendered":"https:\/\/emoson.ca\/en\/?page_id=394"},"modified":"2019-09-11T14:07:55","modified_gmt":"2019-09-11T13:07:55","slug":"video-and-projection","status":"publish","type":"page","link":"https:\/\/emoson.ca\/en\/video-and-projection\/","title":{"rendered":"Video and projection"},"content":{"rendered":"<p>[vc_row][vc_column][vc_column_text]<\/p>\n<h2>Deploy unique experiential worlds<\/h2>\n<p>Emoson offers basic or specialized viewing systems for all types of events, environments and lighting.<\/p>\n<p>With its solid experience in audiovisual broadcasting, our specialized tech team is well aware of the challenges posed by new technologies, making them an ideal advisor in the selection and <a href=\"\/en\/equipment-rental\/\">rental <\/a> or <a href=\"\/en\/equipment-sales\/\">purchase<\/a> of a system that best suits your needs. Participating in the production of several large and <a href=\"\/en\/tunrkey-organization\/\">recognized public events<\/a> in the Laurentians, our professional team will guide you to the most adequate video and projection equipment.<\/p>\n<h3>Visual projection solutions available for sale or for rent<\/h3>\n<ul>\n<li>Plasma, LCD and LED screens<\/li>\n<li>High definition multimedia projectors<\/li>\n<li>LED screens<\/li>\n<\/ul>\n<h3>Emoson: the recognized brand dealer<\/h3>\n<p>[\/vc_column_text][\/vc_column][\/vc_row][vc_row][vc_column width=&#8221;1\/2&#8243;][vc_column_text]<\/p>\n<ul>\n<li>Hall Research<\/li>\n<li>Motion Screen<\/li>\n<li>Tv One<\/li>\n<li>Tv Task<\/li>\n<li>Omnimount<\/li>\n<li>Peerless<\/li>\n<li>Christie<\/li>\n<li>Da Lite<\/li>\n<\/ul>\n<p>[\/vc_column_text][\/vc_column][vc_column width=&#8221;1\/2&#8243;][vc_column_text]<\/p>\n<ul>\n<li>Screen Works<\/li>\n<li>Barco<\/li>\n<li>Hitachi<\/li>\n<li>Draper<\/li>\n<li>Samsung<\/li>\n<li>Sony<\/li>\n<li>Optoma<\/li>\n<li>ViewSonic<\/li>\n<\/ul>\n<p>[\/vc_column_text][\/vc_column][\/vc_row][vc_row type=&#8221;full_width&#8221;][vc_column][vc_raw_html]JTNDYSUyMG5hbWUlM0QlMjJxdW90ZSUyMiUzRSUzQyUyRmElM0U=[\/vc_raw_html][vc_empty_space height=&#8221;45px&#8221;][rev_slider_vc alias=&#8221;slider_video&#8221;][\/vc_column][\/vc_row][vc_row css=&#8221;.vc_custom_1564597564394{background-color: #00aeef !important;}&#8221;][vc_column][vc_empty_space height=&#8221;25px&#8221;][vc_column_text]<\/p>\n<h2 class=\"titre-blanc\">Online evaluation<\/h2>\n<p class=\"txt-blanc\">To get a quick evaluation, share your needs with us. A specialized advisor will process your request and contact you as soon as possible.<\/p>\n<p>[\/vc_column_text][vc_empty_space height=&#8221;25px&#8221;]\n<div class=\"wpcf7 no-js\" id=\"wpcf7-f770-o1\" lang=\"fr-FR\" dir=\"ltr\">\n<div class=\"screen-reader-response\"><p role=\"status\" aria-live=\"polite\" aria-atomic=\"true\"><\/p> <ul><\/ul><\/div>\n<form action=\"\/en\/wp-json\/wp\/v2\/pages\/394#wpcf7-f770-o1\" method=\"post\" class=\"wpcf7-form init\" aria-label=\"Formulaire de contact\" novalidate=\"novalidate\" data-status=\"init\">\n<div style=\"display: none;\">\n<input type=\"hidden\" name=\"_wpcf7\" value=\"770\" \/>\n<input type=\"hidden\" name=\"_wpcf7_version\" value=\"5.7.3\" \/>\n<input type=\"hidden\" name=\"_wpcf7_locale\" value=\"fr_FR\" \/>\n<input type=\"hidden\" name=\"_wpcf7_unit_tag\" value=\"wpcf7-f770-o1\" \/>\n<input type=\"hidden\" name=\"_wpcf7_container_post\" value=\"0\" \/>\n<input type=\"hidden\" name=\"_wpcf7_posted_data_hash\" value=\"\" \/>\n<input type=\"hidden\" name=\"_wpcf7_recaptcha_response\" value=\"\" \/>\n<\/div>\n<div class=\"wrap_formulaire\">\n\t<div class=\"left_formulaire\">\n\t\t<p>Full name* : <span class=\"wpcf7-form-control-wrap\" data-name=\"nomcomplet\"><input size=\"40\" class=\"wpcf7-form-control wpcf7-text wpcf7-validates-as-required\" aria-required=\"true\" aria-invalid=\"false\" value=\"\" type=\"text\" name=\"nomcomplet\" \/><\/span><br \/>\nEmail* : <span class=\"wpcf7-form-control-wrap\" data-name=\"courriel\"><input size=\"40\" class=\"wpcf7-form-control wpcf7-text wpcf7-email wpcf7-validates-as-required wpcf7-validates-as-email\" aria-required=\"true\" aria-invalid=\"false\" value=\"\" type=\"email\" name=\"courriel\" \/><\/span>\n\t\t<\/p>\n\t<\/div>\n\t<div class=\"right_formulaire\">\n\t\t<p>Business : <span class=\"wpcf7-form-control-wrap\" data-name=\"entreprise\"><input size=\"40\" class=\"wpcf7-form-control wpcf7-text\" aria-invalid=\"false\" value=\"\" type=\"text\" name=\"entreprise\" \/><\/span><br \/>\nPhone : <span class=\"wpcf7-form-control-wrap\" data-name=\"telephone\"><input size=\"40\" class=\"wpcf7-form-control wpcf7-text\" aria-invalid=\"false\" value=\"\" type=\"text\" name=\"telephone\" \/><\/span>\n\t\t<\/p>\n\t<\/div>\n\t<div style=\"clear:both; width:100%; height:30px;\">\n\t<\/div>\n\t<p>Please share your needs or questions:<br \/>\n<span class=\"wpcf7-form-control-wrap\" data-name=\"besoins_question\"><textarea cols=\"40\" rows=\"10\" class=\"wpcf7-form-control wpcf7-textarea\" aria-invalid=\"false\" name=\"besoins_question\"><\/textarea><\/span>\n\t<\/p>\n\t<p><input class=\"wpcf7-form-control has-spinner wpcf7-submit btn_formulaire\" type=\"submit\" value=\"Send\" \/>\n\t<\/p>\n<\/div><div class=\"wpcf7-response-output\" aria-hidden=\"true\"><\/div>\n<\/form>\n<\/div>\n[vc_empty_space height=&#8221;25px&#8221;][\/vc_column][\/vc_row]<\/p>\n","protected":false},"excerpt":{"rendered":"<p>[vc_row][vc_column][vc_column_text] Deploy unique experiential worlds Emoson offers basic or specialized viewing systems for all types of events, environments and lighting. With its solid experience in audiovisual broadcasting, our specialized tech team is well aware of the challenges posed by new technologies, making them an ideal advisor in the selection and rental or purchase of a [&hellip;]<\/p>\n","protected":false},"author":1,"featured_media":0,"parent":0,"menu_order":0,"comment_status":"closed","ping_status":"closed","template":"","meta":[],"yoast_head":"<!-- This site is optimized with the Yoast SEO plugin v20.7 - https:\/\/yoast.com\/wordpress\/plugins\/seo\/ -->\n<title>Video Equipment sale and rental | Emoson<\/title>\n<meta name=\"description\" content=\"Discover our complete inventory of video and projection equipment available for sale or rental. Our team will advise you according to your needs.\" \/>\n<meta name=\"robots\" content=\"index, follow, max-snippet:-1, max-image-preview:large, max-video-preview:-1\" \/>\n<link rel=\"canonical\" href=\"https:\/\/emoson.ca\/en\/video-and-projection\/\" \/>\n<meta property=\"og:locale\" content=\"en_US\" \/>\n<meta property=\"og:type\" content=\"article\" \/>\n<meta property=\"og:title\" content=\"Video Equipment sale and rental | Emoson\" \/>\n<meta property=\"og:description\" content=\"Discover our complete inventory of video and projection equipment available for sale or rental. Our team will advise you according to your needs.\" \/>\n<meta property=\"og:url\" content=\"https:\/\/emoson.ca\/en\/video-and-projection\/\" \/>\n<meta property=\"og:site_name\" content=\"Emoson\" \/>\n<meta property=\"article:modified_time\" content=\"2019-09-11T13:07:55+00:00\" \/>\n<meta name=\"twitter:card\" content=\"summary_large_image\" \/>\n<meta name=\"twitter:label1\" content=\"Est. reading time\" \/>\n\t<meta name=\"twitter:data1\" content=\"1 minute\" \/>\n<script type=\"application\/ld+json\" class=\"yoast-schema-graph\">{\"@context\":\"https:\/\/schema.org\",\"@graph\":[{\"@type\":\"WebPage\",\"@id\":\"https:\/\/emoson.ca\/en\/video-and-projection\/\",\"url\":\"https:\/\/emoson.ca\/en\/video-and-projection\/\",\"name\":\"Video Equipment sale and rental | Emoson\",\"isPartOf\":{\"@id\":\"https:\/\/emoson.ca\/en\/#website\"},\"datePublished\":\"2015-07-03T20:07:48+00:00\",\"dateModified\":\"2019-09-11T13:07:55+00:00\",\"description\":\"Discover our complete inventory of video and projection equipment available for sale or rental. Our team will advise you according to your needs.\",\"breadcrumb\":{\"@id\":\"https:\/\/emoson.ca\/en\/video-and-projection\/#breadcrumb\"},\"inLanguage\":\"en-US\",\"potentialAction\":[{\"@type\":\"ReadAction\",\"target\":[\"https:\/\/emoson.ca\/en\/video-and-projection\/\"]}]},{\"@type\":\"BreadcrumbList\",\"@id\":\"https:\/\/emoson.ca\/en\/video-and-projection\/#breadcrumb\",\"itemListElement\":[{\"@type\":\"ListItem\",\"position\":1,\"name\":\"Accueil\",\"item\":\"https:\/\/emoson.ca\/en\/\"},{\"@type\":\"ListItem\",\"position\":2,\"name\":\"Video and projection\"}]},{\"@type\":\"WebSite\",\"@id\":\"https:\/\/emoson.ca\/en\/#website\",\"url\":\"https:\/\/emoson.ca\/en\/\",\"name\":\"Emoson\",\"description\":\"\u00c9v\u00e9nements, son &amp; lumi\u00e8res\",\"potentialAction\":[{\"@type\":\"SearchAction\",\"target\":{\"@type\":\"EntryPoint\",\"urlTemplate\":\"https:\/\/emoson.ca\/en\/?s={search_term_string}\"},\"query-input\":\"required name=search_term_string\"}],\"inLanguage\":\"en-US\"}]}<\/script>\n<!-- \/ Yoast SEO plugin. -->","yoast_head_json":{"title":"Video Equipment sale and rental | Emoson","description":"Discover our complete inventory of video and projection equipment available for sale or rental. Our team will advise you according to your needs.","robots":{"index":"index","follow":"follow","max-snippet":"max-snippet:-1","max-image-preview":"max-image-preview:large","max-video-preview":"max-video-preview:-1"},"canonical":"https:\/\/emoson.ca\/en\/video-and-projection\/","og_locale":"en_US","og_type":"article","og_title":"Video Equipment sale and rental | Emoson","og_description":"Discover our complete inventory of video and projection equipment available for sale or rental. Our team will advise you according to your needs.","og_url":"https:\/\/emoson.ca\/en\/video-and-projection\/","og_site_name":"Emoson","article_modified_time":"2019-09-11T13:07:55+00:00","twitter_card":"summary_large_image","twitter_misc":{"Est. reading time":"1 minute"},"schema":{"@context":"https:\/\/schema.org","@graph":[{"@type":"WebPage","@id":"https:\/\/emoson.ca\/en\/video-and-projection\/","url":"https:\/\/emoson.ca\/en\/video-and-projection\/","name":"Video Equipment sale and rental | Emoson","isPartOf":{"@id":"https:\/\/emoson.ca\/en\/#website"},"datePublished":"2015-07-03T20:07:48+00:00","dateModified":"2019-09-11T13:07:55+00:00","description":"Discover our complete inventory of video and projection equipment available for sale or rental. Our team will advise you according to your needs.","breadcrumb":{"@id":"https:\/\/emoson.ca\/en\/video-and-projection\/#breadcrumb"},"inLanguage":"en-US","potentialAction":[{"@type":"ReadAction","target":["https:\/\/emoson.ca\/en\/video-and-projection\/"]}]},{"@type":"BreadcrumbList","@id":"https:\/\/emoson.ca\/en\/video-and-projection\/#breadcrumb","itemListElement":[{"@type":"ListItem","position":1,"name":"Accueil","item":"https:\/\/emoson.ca\/en\/"},{"@type":"ListItem","position":2,"name":"Video and projection"}]},{"@type":"WebSite","@id":"https:\/\/emoson.ca\/en\/#website","url":"https:\/\/emoson.ca\/en\/","name":"Emoson","description":"\u00c9v\u00e9nements, son &amp; lumi\u00e8res","potentialAction":[{"@type":"SearchAction","target":{"@type":"EntryPoint","urlTemplate":"https:\/\/emoson.ca\/en\/?s={search_term_string}"},"query-input":"required name=search_term_string"}],"inLanguage":"en-US"}]}},"_links":{"self":[{"href":"https:\/\/emoson.ca\/en\/wp-json\/wp\/v2\/pages\/394"}],"collection":[{"href":"https:\/\/emoson.ca\/en\/wp-json\/wp\/v2\/pages"}],"about":[{"href":"https:\/\/emoson.ca\/en\/wp-json\/wp\/v2\/types\/page"}],"author":[{"embeddable":true,"href":"https:\/\/emoson.ca\/en\/wp-json\/wp\/v2\/users\/1"}],"replies":[{"embeddable":true,"href":"https:\/\/emoson.ca\/en\/wp-json\/wp\/v2\/comments?post=394"}],"version-history":[{"count":11,"href":"https:\/\/emoson.ca\/en\/wp-json\/wp\/v2\/pages\/394\/revisions"}],"predecessor-version":[{"id":827,"href":"https:\/\/emoson.ca\/en\/wp-json\/wp\/v2\/pages\/394\/revisions\/827"}],"wp:attachment":[{"href":"https:\/\/emoson.ca\/en\/wp-json\/wp\/v2\/media?parent=394"}],"curies":[{"name":"wp","href":"https:\/\/api.w.org\/{rel}","templated":true}]}}